{"id":26,"date":"2021-06-14T18:19:54","date_gmt":"2021-06-14T16:19:54","guid":{"rendered":"https:\/\/test.xn--gardicher-hofldle-3qb.de\/?page_id=26"},"modified":"2021-08-12T23:38:41","modified_gmt":"2021-08-12T21:38:41","slug":"apfelsaft","status":"publish","type":"page","link":"https:\/\/test.xn--gardicher-hofldle-3qb.de\/index.php\/unsere-produkte\/apfelsaft\/","title":{"rendered":"Apfelsaft"},"content":{"rendered":"\n<div class=\"wp-block-columns is-layout-flex wp-container-core-columns-is-layout-9d6595d7 wp-block-columns-is-layout-flex\">\n<div class=\"wp-block-column is-layout-flow wp-block-column-is-layout-flow\">\n<figure class=\"wp-block-image\"><img decoding=\"async\" style=\"border-radius:50px;height:350px;\" src=\"https:\/\/images.unsplash.com\/photo-1576179635662-9d1983e97e1e?ixid=MnwxMjA3fDB8MHxwaG90by1wYWdlfHx8fGVufDB8fHx8&amp;ixlib=rb-1.2.1&amp;auto=format&amp;fit=crop&amp;w=634&amp;q=80\" alt=\"\"><\/figure>\n<\/div>\n\n\n\n<div class=\"wp-block-column is-layout-flow wp-block-column-is-layout-flow\">\n<p>Unsere \u00c4pfel wachsen auf den Streuobstwiesen in und um Kleingartach.<\/p>\n<\/div>\n<\/div>\n\n\n\n<div class=\"wp-block-columns is-layout-flex wp-container-core-columns-is-layout-9d6595d7 wp-block-columns-is-layout-flex\">\n<div class=\"wp-block-column is-layout-flow wp-block-column-is-layout-flow\">\n<p>Wir produzieren den Apfelsaft mit unserer eigenen mobilen Safterei auf seit Traditionen bew\u00e4hrte Weise.<\/p>\n<\/div>\n\n\n\n<div class=\"wp-block-column is-layout-flow wp-block-column-is-layout-flow\">\n<figure class=\"wp-block-image\"><img loading=\"lazy\" decoding=\"async\" width=\"768\" height=\"1024\" style=\"border-radius:50px;\"  src=\"https:\/\/test.xn--gardicher-hofldle-3qb.de\/wp-content\/uploads\/2021\/08\/IMG-20200725-WA0004-768x1024.jpg\" alt=\"\" class=\"wp-image-106\" srcset=\"https:\/\/test.xn--gardicher-hofldle-3qb.de\/wp-content\/uploads\/2021\/08\/IMG-20200725-WA0004-768x1024.jpg 768w, https:\/\/test.xn--gardicher-hofldle-3qb.de\/wp-content\/uploads\/2021\/08\/IMG-20200725-WA0004-225x300.jpg 225w, https:\/\/test.xn--gardicher-hofldle-3qb.de\/wp-content\/uploads\/2021\/08\/IMG-20200725-WA0004-1152x1536.jpg 1152w, https:\/\/test.xn--gardicher-hofldle-3qb.de\/wp-content\/uploads\/2021\/08\/IMG-20200725-WA0004.jpg 1200w\" sizes=\"auto, (max-width: 768px) 100vw, 768px\" \/><\/figure>\n<\/div>\n<\/div>\n\n\n\n<div class=\"wp-block-columns is-layout-flex wp-container-core-columns-is-layout-9d6595d7 wp-block-columns-is-layout-flex\">\n<div class=\"wp-block-column is-layout-flow wp-block-column-is-layout-flow\"><\/div>\n\n\n\n<div class=\"wp-block-column is-layout-flow wp-block-column-is-layout-flow\">\n<p>Durch Homogenisierung des frisch gepressten Saftes bei 80\u00b0C und Hei\u00dfabf\u00fcllung in luftdichte Beutel bleibt er bis zu 2 Jahre lang haltbar.<\/p>\n<\/div>\n<\/div>\n\n\n\n<div class=\"wp-block-columns is-layout-flex wp-container-core-columns-is-layout-9d6595d7 wp-block-columns-is-layout-flex\">\n<div class=\"wp-block-column is-layout-flow wp-block-column-is-layout-flow\">\n<p>Den Apfelsaft k\u00f6nnen Sie in unserem Hofl\u00e4dle, bei der B\u00e4ckerei Keppler oder an unserem regelm\u00e4\u00dfigen Marktstand in Bag-in-Box erwerben. Die Gebinde sind nach dem \u00d6ffnen bis zu 12 Wochen lang haltbar.<\/p>\n<\/div>\n<\/div>\n","protected":false},"excerpt":{"rendered":"<p>Unsere \u00c4pfel wachsen auf den Streuobstwiesen in und um Kleingartach. Wir produzieren den Apfelsaft mit unserer eigenen mobilen Safterei auf seit Traditionen bew\u00e4hrte Weise. Durch Homogenisierung des frisch gepressten Saftes bei 80\u00b0C und Hei\u00dfabf\u00fcllung in luftdichte Beutel bleibt er bis zu 2 Jahre lang haltbar. Den Apfelsaft k\u00f6nnen Sie in unserem Hofl\u00e4dle, bei der B\u00e4ckerei [&hellip;]<\/p>\n","protected":false},"author":1,"featured_media":0,"parent":22,"menu_order":0,"comment_status":"closed","ping_status":"closed","template":"","meta":{"footnotes":""},"class_list":["post-26","page","type-page","status-publish","hentry","post","no-featured-image"],"_links":{"self":[{"href":"https:\/\/test.xn--gardicher-hofldle-3qb.de\/index.php\/wp-json\/wp\/v2\/pages\/26","targetHints":{"allow":["GET"]}}],"collection":[{"href":"https:\/\/test.xn--gardicher-hofldle-3qb.de\/index.php\/wp-json\/wp\/v2\/pages"}],"about":[{"href":"https:\/\/test.xn--gardicher-hofldle-3qb.de\/index.php\/wp-json\/wp\/v2\/types\/page"}],"author":[{"embeddable":true,"href":"https:\/\/test.xn--gardicher-hofldle-3qb.de\/index.php\/wp-json\/wp\/v2\/users\/1"}],"replies":[{"embeddable":true,"href":"https:\/\/test.xn--gardicher-hofldle-3qb.de\/index.php\/wp-json\/wp\/v2\/comments?post=26"}],"version-history":[{"count":12,"href":"https:\/\/test.xn--gardicher-hofldle-3qb.de\/index.php\/wp-json\/wp\/v2\/pages\/26\/revisions"}],"predecessor-version":[{"id":110,"href":"https:\/\/test.xn--gardicher-hofldle-3qb.de\/index.php\/wp-json\/wp\/v2\/pages\/26\/revisions\/110"}],"up":[{"embeddable":true,"href":"https:\/\/test.xn--gardicher-hofldle-3qb.de\/index.php\/wp-json\/wp\/v2\/pages\/22"}],"wp:attachment":[{"href":"https:\/\/test.xn--gardicher-hofldle-3qb.de\/index.php\/wp-json\/wp\/v2\/media?parent=26"}],"curies":[{"name":"wp","href":"https:\/\/api.w.org\/{rel}","templated":true}]}}